{"id":1103,"date":"2026-01-24T02:34:01","date_gmt":"2026-01-24T08:34:01","guid":{"rendered":"https:\/\/maltrata.gob.mx\/portal\/?page_id=1103"},"modified":"2026-01-24T16:46:33","modified_gmt":"2026-01-24T22:46:33","slug":"dif-municipal","status":"publish","type":"page","link":"https:\/\/maltrata.gob.mx\/portal\/dif-municipal\/","title":{"rendered":"DIF Municipal"},"content":{"rendered":"\t\t<div data-elementor-type=\"wp-page\" data-elementor-id=\"1103\" class=\"elementor elementor-1103\" data-elementor-post-type=\"page\">\n\t\t\t\t<div class=\"elementor-element elementor-element-29c1a650 e-flex e-con-boxed e-con e-parent\" data-id=\"29c1a650\" data-element_type=\"container\" data-e-type=\"container\" data-settings=\"{&quot;shape_divider_top&quot;:&quot;triangle&quot;,&quot;background_background&quot;:&quot;classic&quot;}\">\n\t\t\t\t\t<div class=\"e-con-inner\">\n\t\t\t\t<div class=\"elementor-shape elementor-shape-top\" aria-hidden=\"true\" data-negative=\"false\">\n\t\t\t<svg xmlns=\"http:\/\/www.w3.org\/2000\/svg\" viewBox=\"0 0 1000 100\" preserveAspectRatio=\"none\">\n\t<path class=\"elementor-shape-fill\" d=\"M500,98.9L0,6.1V0h1000v6.1L500,98.9z\"\/>\n<\/svg>\t\t<\/div>\n\t\t<div class=\"elementor-element elementor-element-2a71c267 e-con-full e-flex e-con e-child\" data-id=\"2a71c267\" data-element_type=\"container\" data-e-type=\"container\">\n\t\t\t\t<div class=\"elementor-element elementor-element-3d81b9f elementor-widget elementor-widget-image\" data-id=\"3d81b9f\" data-element_type=\"widget\" data-e-type=\"widget\" data-widget_type=\"image.default\">\n\t\t\t\t\t\t\t\t\t\t\t\t\t\t\t<img fetchpriority=\"high\" decoding=\"async\" width=\"800\" height=\"891\" src=\"https:\/\/maltrata.gob.mx\/portal\/wp-content\/uploads\/2026\/01\/freepik__background__83584-1-919x1024.png\" class=\"attachment-large size-large wp-image-1104\" alt=\"\" srcset=\"https:\/\/maltrata.gob.mx\/portal\/wp-content\/uploads\/2026\/01\/freepik__background__83584-1-919x1024.png 919w, https:\/\/maltrata.gob.mx\/portal\/wp-content\/uploads\/2026\/01\/freepik__background__83584-1-269x300.png 269w, https:\/\/maltrata.gob.mx\/portal\/wp-content\/uploads\/2026\/01\/freepik__background__83584-1-768x856.png 768w, https:\/\/maltrata.gob.mx\/portal\/wp-content\/uploads\/2026\/01\/freepik__background__83584-1.png 1094w\" sizes=\"(max-width: 800px) 100vw, 800px\" \/>\t\t\t\t\t\t\t\t\t\t\t\t\t\t\t<\/div>\n\t\t\t\t<\/div>\n\t\t<div class=\"elementor-element elementor-element-184ac59 e-con-full e-flex e-con e-child\" data-id=\"184ac59\" data-element_type=\"container\" data-e-type=\"container\">\n\t\t\t\t<div class=\"elementor-element elementor-element-7c06e20 elementor-widget elementor-widget-image\" data-id=\"7c06e20\" data-element_type=\"widget\" data-e-type=\"widget\" data-widget_type=\"image.default\">\n\t\t\t\t\t\t\t\t\t\t\t\t\t\t\t<img decoding=\"async\" width=\"800\" height=\"334\" src=\"https:\/\/maltrata.gob.mx\/portal\/wp-content\/uploads\/2026\/01\/DIF-1.png\" class=\"attachment-large size-large wp-image-1111\" alt=\"\" srcset=\"https:\/\/maltrata.gob.mx\/portal\/wp-content\/uploads\/2026\/01\/DIF-1.png 1017w, https:\/\/maltrata.gob.mx\/portal\/wp-content\/uploads\/2026\/01\/DIF-1-300x125.png 300w, https:\/\/maltrata.gob.mx\/portal\/wp-content\/uploads\/2026\/01\/DIF-1-768x321.png 768w\" sizes=\"(max-width: 800px) 100vw, 800px\" \/>\t\t\t\t\t\t\t\t\t\t\t\t\t\t\t<\/div>\n\t\t\t\t<div class=\"elementor-element elementor-element-76edc0b elementor-widget elementor-widget-text-editor\" data-id=\"76edc0b\" data-element_type=\"widget\" data-e-type=\"widget\" data-widget_type=\"text-editor.default\">\n\t\t\t\t\t\t\t\t\t<p><strong data-start=\"128\" data-end=\"172\">Bienvenidos al DIF Municipal de Maltrata<\/strong>, un espacio donde el compromiso con las familias se construye d\u00eda a d\u00eda con <strong data-start=\"249\" data-end=\"257\">amor<\/strong>, se fortalece desde el <strong data-start=\"281\" data-end=\"290\">hogar<\/strong> y se proyecta hacia un mejor <strong data-start=\"320\" data-end=\"330\">futuro<\/strong>. Aqu\u00ed trabajamos con cercan\u00eda y vocaci\u00f3n de servicio para brindar apoyo, orientaci\u00f3n y programas que buscan el bienestar integral de nuestra comunidad, poniendo siempre a las personas en el centro de cada acci\u00f3n<\/p>\t\t\t\t\t\t\t\t<\/div>\n\t\t\t\t<\/div>\n\t\t\t\t\t<\/div>\n\t\t\t\t<\/div>\n\t\t<div class=\"elementor-element elementor-element-0d222f9 e-flex e-con-boxed e-con e-parent\" data-id=\"0d222f9\" data-element_type=\"container\" data-e-type=\"container\" data-settings=\"{&quot;background_background&quot;:&quot;classic&quot;}\">\n\t\t\t\t\t<div class=\"e-con-inner\">\n\t\t<div class=\"elementor-element elementor-element-924645b e-con-full e-flex e-con e-child\" data-id=\"924645b\" data-element_type=\"container\" data-e-type=\"container\">\n\t\t\t\t<div class=\"elementor-element elementor-element-42b1234 elementor-widget elementor-widget-heading\" data-id=\"42b1234\" data-element_type=\"widget\" data-e-type=\"widget\" data-widget_type=\"heading.default\">\n\t\t\t\t\t<h2 class=\"elementor-heading-title elementor-size-default\">Servicios<\/h2>\t\t\t\t<\/div>\n\t\t\t\t<\/div>\n\t\t<div class=\"elementor-element elementor-element-45e2d2a e-grid e-con-full e-con e-child\" data-id=\"45e2d2a\" data-element_type=\"container\" data-e-type=\"container\">\n\t\t\t\t<div class=\"elementor-element elementor-element-21e7a01 elementor-position-top elementor-widget elementor-widget-image-box\" data-id=\"21e7a01\" data-element_type=\"widget\" data-e-type=\"widget\" data-widget_type=\"image-box.default\">\n\t\t\t\t\t<div class=\"elementor-image-box-wrapper\"><figure class=\"elementor-image-box-img\"><img decoding=\"async\" width=\"768\" height=\"768\" src=\"https:\/\/maltrata.gob.mx\/portal\/wp-content\/uploads\/2026\/01\/01-Immujer.jpeg\" class=\"attachment-full size-full wp-image-1134\" alt=\"\" srcset=\"https:\/\/maltrata.gob.mx\/portal\/wp-content\/uploads\/2026\/01\/01-Immujer.jpeg 768w, https:\/\/maltrata.gob.mx\/portal\/wp-content\/uploads\/2026\/01\/01-Immujer-300x300.jpeg 300w, https:\/\/maltrata.gob.mx\/portal\/wp-content\/uploads\/2026\/01\/01-Immujer-150x150.jpeg 150w\" sizes=\"(max-width: 768px) 100vw, 768px\" \/><\/figure><div class=\"elementor-image-box-content\"><h3 class=\"elementor-image-box-title\">Immujer<\/h3><p class=\"elementor-image-box-description\">Promueve la igualdad y el bienestar de las mujeres, ofreciendo apoyo, orientaci\u00f3n y acompa\u00f1amiento<\/p><\/div><\/div>\t\t\t\t<\/div>\n\t\t\t\t<div class=\"elementor-element elementor-element-49a09d2 elementor-position-top elementor-widget elementor-widget-image-box\" data-id=\"49a09d2\" data-element_type=\"widget\" data-e-type=\"widget\" data-widget_type=\"image-box.default\">\n\t\t\t\t\t<div class=\"elementor-image-box-wrapper\"><figure class=\"elementor-image-box-img\"><img loading=\"lazy\" decoding=\"async\" width=\"768\" height=\"768\" src=\"https:\/\/maltrata.gob.mx\/portal\/wp-content\/uploads\/2026\/01\/02-Sipinna.jpeg\" class=\"attachment-full size-full wp-image-1135\" alt=\"\" srcset=\"https:\/\/maltrata.gob.mx\/portal\/wp-content\/uploads\/2026\/01\/02-Sipinna.jpeg 768w, https:\/\/maltrata.gob.mx\/portal\/wp-content\/uploads\/2026\/01\/02-Sipinna-300x300.jpeg 300w, https:\/\/maltrata.gob.mx\/portal\/wp-content\/uploads\/2026\/01\/02-Sipinna-150x150.jpeg 150w\" sizes=\"(max-width: 768px) 100vw, 768px\" \/><\/figure><div class=\"elementor-image-box-content\"><h3 class=\"elementor-image-box-title\">Sipinna<\/h3><p class=\"elementor-image-box-description\">Trabajamos para garantizar los derechos de ni\u00f1as, ni\u00f1os y adolescentes, promoviendo su bienestar, protecci\u00f3n y desarrollo integral<\/p><\/div><\/div>\t\t\t\t<\/div>\n\t\t\t\t<div class=\"elementor-element elementor-element-bc13960 elementor-position-top elementor-widget elementor-widget-image-box\" data-id=\"bc13960\" data-element_type=\"widget\" data-e-type=\"widget\" data-widget_type=\"image-box.default\">\n\t\t\t\t\t<div class=\"elementor-image-box-wrapper\"><figure class=\"elementor-image-box-img\"><img loading=\"lazy\" decoding=\"async\" width=\"768\" height=\"768\" src=\"https:\/\/maltrata.gob.mx\/portal\/wp-content\/uploads\/2026\/01\/03-Psicologia.jpeg\" class=\"attachment-full size-full wp-image-1136\" alt=\"\" srcset=\"https:\/\/maltrata.gob.mx\/portal\/wp-content\/uploads\/2026\/01\/03-Psicologia.jpeg 768w, https:\/\/maltrata.gob.mx\/portal\/wp-content\/uploads\/2026\/01\/03-Psicologia-300x300.jpeg 300w, https:\/\/maltrata.gob.mx\/portal\/wp-content\/uploads\/2026\/01\/03-Psicologia-150x150.jpeg 150w\" sizes=\"(max-width: 768px) 100vw, 768px\" \/><\/figure><div class=\"elementor-image-box-content\"><h3 class=\"elementor-image-box-title\">Psicolog\u00eda<\/h3><p class=\"elementor-image-box-description\">Brindamos apoyo emocional y orientaci\u00f3n profesional para fortalecer la salud mental y el bienestar de las personas<\/p><\/div><\/div>\t\t\t\t<\/div>\n\t\t\t\t<div class=\"elementor-element elementor-element-4ce53cc elementor-position-top elementor-widget elementor-widget-image-box\" data-id=\"4ce53cc\" data-element_type=\"widget\" data-e-type=\"widget\" data-widget_type=\"image-box.default\">\n\t\t\t\t\t<div class=\"elementor-image-box-wrapper\"><figure class=\"elementor-image-box-img\"><img loading=\"lazy\" decoding=\"async\" width=\"768\" height=\"768\" src=\"https:\/\/maltrata.gob.mx\/portal\/wp-content\/uploads\/2026\/01\/05-Fisioterapia.jpeg\" class=\"attachment-full size-full wp-image-1138\" alt=\"\" srcset=\"https:\/\/maltrata.gob.mx\/portal\/wp-content\/uploads\/2026\/01\/05-Fisioterapia.jpeg 768w, https:\/\/maltrata.gob.mx\/portal\/wp-content\/uploads\/2026\/01\/05-Fisioterapia-300x300.jpeg 300w, https:\/\/maltrata.gob.mx\/portal\/wp-content\/uploads\/2026\/01\/05-Fisioterapia-150x150.jpeg 150w\" sizes=\"(max-width: 768px) 100vw, 768px\" \/><\/figure><div class=\"elementor-image-box-content\"><h3 class=\"elementor-image-box-title\">Fisioterapia<\/h3><p class=\"elementor-image-box-description\">Ofrecemos atenci\u00f3n para la recuperaci\u00f3n f\u00edsica, prevenci\u00f3n de lesiones y mejora de la movilidad y calidad de vida<\/p><\/div><\/div>\t\t\t\t<\/div>\n\t\t\t\t<div class=\"elementor-element elementor-element-e82853a elementor-position-top elementor-widget elementor-widget-image-box\" data-id=\"e82853a\" data-element_type=\"widget\" data-e-type=\"widget\" data-widget_type=\"image-box.default\">\n\t\t\t\t\t<div class=\"elementor-image-box-wrapper\"><figure class=\"elementor-image-box-img\"><img loading=\"lazy\" decoding=\"async\" width=\"768\" height=\"768\" src=\"https:\/\/maltrata.gob.mx\/portal\/wp-content\/uploads\/2026\/01\/06-Adulto-Mayor.jpeg\" class=\"attachment-full size-full wp-image-1139\" alt=\"\" srcset=\"https:\/\/maltrata.gob.mx\/portal\/wp-content\/uploads\/2026\/01\/06-Adulto-Mayor.jpeg 768w, https:\/\/maltrata.gob.mx\/portal\/wp-content\/uploads\/2026\/01\/06-Adulto-Mayor-300x300.jpeg 300w, https:\/\/maltrata.gob.mx\/portal\/wp-content\/uploads\/2026\/01\/06-Adulto-Mayor-150x150.jpeg 150w\" sizes=\"(max-width: 768px) 100vw, 768px\" \/><\/figure><div class=\"elementor-image-box-content\"><h3 class=\"elementor-image-box-title\">Club del adulto mayor<\/h3><p class=\"elementor-image-box-description\">Espacio de convivencia, cuidado y actividades que promueven el bienestar, la integraci\u00f3n y una vida activa para las personas mayores<\/p><\/div><\/div>\t\t\t\t<\/div>\n\t\t\t\t<div class=\"elementor-element elementor-element-92ce5b6 elementor-position-top elementor-widget elementor-widget-image-box\" data-id=\"92ce5b6\" data-element_type=\"widget\" data-e-type=\"widget\" data-widget_type=\"image-box.default\">\n\t\t\t\t\t<div class=\"elementor-image-box-wrapper\"><figure class=\"elementor-image-box-img\"><img loading=\"lazy\" decoding=\"async\" width=\"768\" height=\"768\" src=\"https:\/\/maltrata.gob.mx\/portal\/wp-content\/uploads\/2026\/01\/07-Procuraduria-del-menor.jpeg\" class=\"attachment-full size-full wp-image-1140\" alt=\"\" srcset=\"https:\/\/maltrata.gob.mx\/portal\/wp-content\/uploads\/2026\/01\/07-Procuraduria-del-menor.jpeg 768w, https:\/\/maltrata.gob.mx\/portal\/wp-content\/uploads\/2026\/01\/07-Procuraduria-del-menor-300x300.jpeg 300w, https:\/\/maltrata.gob.mx\/portal\/wp-content\/uploads\/2026\/01\/07-Procuraduria-del-menor-150x150.jpeg 150w\" sizes=\"(max-width: 768px) 100vw, 768px\" \/><\/figure><div class=\"elementor-image-box-content\"><h3 class=\"elementor-image-box-title\">Procuradur\u00eda del menor<\/h3><p class=\"elementor-image-box-description\">Protege y defiende los derechos de ni\u00f1as, ni\u00f1os y adolescentes, brindando atenci\u00f3n, orientaci\u00f3n y acompa\u00f1amiento<\/p><\/div><\/div>\t\t\t\t<\/div>\n\t\t\t\t<\/div>\n\t\t\t\t\t<\/div>\n\t\t\t\t<\/div>\n\t\t<div class=\"elementor-element elementor-element-821fa4d e-flex e-con-boxed e-con e-parent\" data-id=\"821fa4d\" data-element_type=\"container\" data-e-type=\"container\" data-settings=\"{&quot;background_background&quot;:&quot;classic&quot;}\">\n\t\t\t\t\t<div class=\"e-con-inner\">\n\t\t<div class=\"elementor-element elementor-element-9c2779a e-con-full e-flex e-con e-child\" data-id=\"9c2779a\" data-element_type=\"container\" data-e-type=\"container\">\n\t\t\t\t<\/div>\n\t\t<div class=\"elementor-element elementor-element-078ec63 e-con-full e-flex e-con e-child\" data-id=\"078ec63\" data-element_type=\"container\" data-e-type=\"container\" data-settings=\"{&quot;background_background&quot;:&quot;classic&quot;}\">\n\t\t\t\t<div class=\"elementor-element elementor-element-a281e58 elementor-widget elementor-widget-heading\" data-id=\"a281e58\" data-element_type=\"widget\" data-e-type=\"widget\" data-widget_type=\"heading.default\">\n\t\t\t\t\t<h2 class=\"elementor-heading-title elementor-size-default\">\u00bfTienes algo que decirnos?<\/h2>\t\t\t\t<\/div>\n\t\t\t\t<div class=\"elementor-element elementor-element-a836ce7 elementor-widget elementor-widget-text-editor\" data-id=\"a836ce7\" data-element_type=\"widget\" data-e-type=\"widget\" data-widget_type=\"text-editor.default\">\n\t\t\t\t\t\t\t\t\t<p>Si atraviesas alguna situaci\u00f3n familiar y necesitas orientaci\u00f3n o apoyo, escr\u00edbenos con confianza. Tu mensaje ser\u00e1 atendido con respeto, sensibilidad y total confidencialidad por el personal del DIF Municipal de Maltrata<\/p>\t\t\t\t\t\t\t\t<\/div>\n\t\t\t\t<div class=\"elementor-element elementor-element-8b26f6c elementor-button-align-center elementor-widget elementor-widget-form\" data-id=\"8b26f6c\" data-element_type=\"widget\" data-e-type=\"widget\" data-settings=\"{&quot;step_next_label&quot;:&quot;Next&quot;,&quot;step_previous_label&quot;:&quot;Previous&quot;,&quot;button_width&quot;:&quot;100&quot;,&quot;step_type&quot;:&quot;number_text&quot;,&quot;step_icon_shape&quot;:&quot;circle&quot;}\" data-widget_type=\"form.default\">\n\t\t\t\t\t\t\t<form class=\"elementor-form\" method=\"post\" name=\"New Form\" aria-label=\"New Form\">\r\n\t\t\t<input type=\"hidden\" name=\"post_id\" value=\"1103\"\/>\r\n\t\t\t<input type=\"hidden\" name=\"form_id\" value=\"8b26f6c\"\/>\r\n\t\t\t<input type=\"hidden\" name=\"referer_title\" value=\"DIF Municipal\" \/>\r\n\r\n\t\t\t\t\t\t\t<input type=\"hidden\" name=\"queried_id\" value=\"1103\"\/>\r\n\t\t\t\r\n\t\t\t<div class=\"elementor-form-fields-wrapper elementor-labels-\">\r\n\t\t\t\t\t\t\t\t<div class=\"elementor-field-type-text elementor-field-group elementor-column elementor-field-group-name elementor-col-50\">\r\n\t\t\t\t\t\t\t\t\t\t\t\t<label for=\"form-field-name\" class=\"elementor-field-label elementor-screen-only\">\r\n\t\t\t\t\t\t\t\tNombre\t\t\t\t\t\t\t<\/label>\r\n\t\t\t\t\t\t\t\t\t\t\t\t\t\t<input size=\"1\" type=\"text\" name=\"form_fields[name]\" id=\"form-field-name\" class=\"elementor-field elementor-size-sm  elementor-field-textual\" placeholder=\"Tu nombre\">\r\n\t\t\t\t\t\t\t\t\t\t\t<\/div>\r\n\t\t\t\t\t\t\t\t<div class=\"elementor-field-type-text elementor-field-group elementor-column elementor-field-group-email elementor-col-50 elementor-field-required\">\r\n\t\t\t\t\t\t\t\t\t\t\t\t<label for=\"form-field-email\" class=\"elementor-field-label elementor-screen-only\">\r\n\t\t\t\t\t\t\t\tCorreo\t\t\t\t\t\t\t<\/label>\r\n\t\t\t\t\t\t\t\t\t\t\t\t\t\t<input size=\"1\" type=\"text\" name=\"form_fields[email]\" id=\"form-field-email\" class=\"elementor-field elementor-size-sm  elementor-field-textual\" placeholder=\"Tu correo electr\u00f3nico\" required=\"required\">\r\n\t\t\t\t\t\t\t\t\t\t\t<\/div>\r\n\t\t\t\t\t\t\t\t<div class=\"elementor-field-type-text elementor-field-group elementor-column elementor-field-group-field_83d42cf elementor-col-50 elementor-field-required\">\r\n\t\t\t\t\t\t\t\t\t\t\t\t<label for=\"form-field-field_83d42cf\" class=\"elementor-field-label elementor-screen-only\">\r\n\t\t\t\t\t\t\t\tTelefono\t\t\t\t\t\t\t<\/label>\r\n\t\t\t\t\t\t\t\t\t\t\t\t\t\t<input size=\"1\" type=\"text\" name=\"form_fields[field_83d42cf]\" id=\"form-field-field_83d42cf\" class=\"elementor-field elementor-size-sm  elementor-field-textual\" placeholder=\"Tu n\u00famero telef\u00f3nico\" required=\"required\">\r\n\t\t\t\t\t\t\t\t\t\t\t<\/div>\r\n\t\t\t\t\t\t\t\t<div class=\"elementor-field-type-text elementor-field-group elementor-column elementor-field-group-field_6714434 elementor-col-50 elementor-field-required\">\r\n\t\t\t\t\t\t\t\t\t\t\t\t<label for=\"form-field-field_6714434\" class=\"elementor-field-label elementor-screen-only\">\r\n\t\t\t\t\t\t\t\tLugar\t\t\t\t\t\t\t<\/label>\r\n\t\t\t\t\t\t\t\t\t\t\t\t\t\t<input size=\"1\" type=\"text\" name=\"form_fields[field_6714434]\" id=\"form-field-field_6714434\" class=\"elementor-field elementor-size-sm  elementor-field-textual\" placeholder=\"\u00bfDe donde nos escribes?\" required=\"required\">\r\n\t\t\t\t\t\t\t\t\t\t\t<\/div>\r\n\t\t\t\t\t\t\t\t<div class=\"elementor-field-type-textarea elementor-field-group elementor-column elementor-field-group-message elementor-col-100\">\r\n\t\t\t\t\t\t\t\t\t\t\t\t<label for=\"form-field-message\" class=\"elementor-field-label elementor-screen-only\">\r\n\t\t\t\t\t\t\t\tMensaje\t\t\t\t\t\t\t<\/label>\r\n\t\t\t\t\t\t<textarea class=\"elementor-field-textual elementor-field  elementor-size-sm\" name=\"form_fields[message]\" id=\"form-field-message\" rows=\"4\" placeholder=\"\u00bfEn que podemos servirte?\"><\/textarea>\t\t\t\t<\/div>\r\n\t\t\t\t\t\t\t\t<div class=\"elementor-field-group elementor-column elementor-field-type-submit elementor-col-100 e-form__buttons\">\r\n\t\t\t\t\t<button class=\"elementor-button elementor-size-sm\" type=\"submit\">\r\n\t\t\t\t\t\t<span class=\"elementor-button-content-wrapper\">\r\n\t\t\t\t\t\t\t\t\t\t\t\t\t\t\t\t\t\t\t\t\t\t<span class=\"elementor-button-text\">Enviar mensaje<\/span>\r\n\t\t\t\t\t\t\t\t\t\t\t\t\t<\/span>\r\n\t\t\t\t\t<\/button>\r\n\t\t\t\t<\/div>\r\n\t\t\t<\/div>\r\n\t\t<\/form>\r\n\t\t\t\t\t\t<\/div>\n\t\t\t\t<\/div>\n\t\t\t\t\t<\/div>\n\t\t\t\t<\/div>\n\t\t<div class=\"elementor-element elementor-element-b9ac287 e-flex e-con-boxed e-con e-parent\" data-id=\"b9ac287\" data-element_type=\"container\" data-e-type=\"container\" data-settings=\"{&quot;background_background&quot;:&quot;classic&quot;}\">\n\t\t\t\t\t<div class=\"e-con-inner\">\n\t\t<div class=\"elementor-element elementor-element-d8f3014 e-con-full e-flex e-con e-child\" data-id=\"d8f3014\" data-element_type=\"container\" data-e-type=\"container\">\n\t\t\t\t<div class=\"elementor-element elementor-element-286521f elementor-widget elementor-widget-image\" data-id=\"286521f\" data-element_type=\"widget\" data-e-type=\"widget\" data-widget_type=\"image.default\">\n\t\t\t\t\t\t\t\t\t\t\t\t\t\t\t<img loading=\"lazy\" decoding=\"async\" width=\"500\" height=\"600\" src=\"https:\/\/maltrata.gob.mx\/portal\/wp-content\/uploads\/2026\/01\/Globo-Maps-Corazon.png\" class=\"attachment-large size-large wp-image-1248\" alt=\"\" srcset=\"https:\/\/maltrata.gob.mx\/portal\/wp-content\/uploads\/2026\/01\/Globo-Maps-Corazon.png 500w, https:\/\/maltrata.gob.mx\/portal\/wp-content\/uploads\/2026\/01\/Globo-Maps-Corazon-250x300.png 250w\" sizes=\"(max-width: 500px) 100vw, 500px\" \/>\t\t\t\t\t\t\t\t\t\t\t\t\t\t\t<\/div>\n\t\t\t\t<div class=\"elementor-element elementor-element-ccc4e28 elementor-icon-list--layout-inline elementor-align-center elementor-list-item-link-full_width elementor-widget elementor-widget-icon-list\" data-id=\"ccc4e28\" data-element_type=\"widget\" data-e-type=\"widget\" data-widget_type=\"icon-list.default\">\n\t\t\t\t\t\t\t<ul class=\"elementor-icon-list-items elementor-inline-items\">\n\t\t\t\t\t\t\t<li class=\"elementor-icon-list-item elementor-inline-item\">\n\t\t\t\t\t\t\t\t\t\t\t<span class=\"elementor-icon-list-icon\">\n\t\t\t\t\t\t\t<svg aria-hidden=\"true\" class=\"e-font-icon-svg e-fas-landmark\" viewBox=\"0 0 512 512\" xmlns=\"http:\/\/www.w3.org\/2000\/svg\"><path d=\"M501.62 92.11L267.24 2.04a31.958 31.958 0 0 0-22.47 0L10.38 92.11A16.001 16.001 0 0 0 0 107.09V144c0 8.84 7.16 16 16 16h480c8.84 0 16-7.16 16-16v-36.91c0-6.67-4.14-12.64-10.38-14.98zM64 192v160H48c-8.84 0-16 7.16-16 16v48h448v-48c0-8.84-7.16-16-16-16h-16V192h-64v160h-96V192h-64v160h-96V192H64zm432 256H16c-8.84 0-16 7.16-16 16v32c0 8.84 7.16 16 16 16h480c8.84 0 16-7.16 16-16v-32c0-8.84-7.16-16-16-16z\"><\/path><\/svg>\t\t\t\t\t\t<\/span>\n\t\t\t\t\t\t\t\t\t\t<span class=\"elementor-icon-list-text\">DIF Municipal de Maltrata, Ver.<\/span>\n\t\t\t\t\t\t\t\t\t<\/li>\n\t\t\t\t\t\t\t\t<li class=\"elementor-icon-list-item elementor-inline-item\">\n\t\t\t\t\t\t\t\t\t\t\t<span class=\"elementor-icon-list-icon\">\n\t\t\t\t\t\t\t<svg aria-hidden=\"true\" class=\"e-font-icon-svg e-fas-address-card\" viewBox=\"0 0 576 512\" xmlns=\"http:\/\/www.w3.org\/2000\/svg\"><path d=\"M528 32H48C21.5 32 0 53.5 0 80v352c0 26.5 21.5 48 48 48h480c26.5 0 48-21.5 48-48V80c0-26.5-21.5-48-48-48zm-352 96c35.3 0 64 28.7 64 64s-28.7 64-64 64-64-28.7-64-64 28.7-64 64-64zm112 236.8c0 10.6-10 19.2-22.4 19.2H86.4C74 384 64 375.4 64 364.8v-19.2c0-31.8 30.1-57.6 67.2-57.6h5c12.3 5.1 25.7 8 39.8 8s27.6-2.9 39.8-8h5c37.1 0 67.2 25.8 67.2 57.6v19.2zM512 312c0 4.4-3.6 8-8 8H360c-4.4 0-8-3.6-8-8v-16c0-4.4 3.6-8 8-8h144c4.4 0 8 3.6 8 8v16zm0-64c0 4.4-3.6 8-8 8H360c-4.4 0-8-3.6-8-8v-16c0-4.4 3.6-8 8-8h144c4.4 0 8 3.6 8 8v16zm0-64c0 4.4-3.6 8-8 8H360c-4.4 0-8-3.6-8-8v-16c0-4.4 3.6-8 8-8h144c4.4 0 8 3.6 8 8v16z\"><\/path><\/svg>\t\t\t\t\t\t<\/span>\n\t\t\t\t\t\t\t\t\t\t<span class=\"elementor-icon-list-text\">Calle 20 de noviembre s\/n colonia centro. CP 94700<\/span>\n\t\t\t\t\t\t\t\t\t<\/li>\n\t\t\t\t\t\t\t\t<li class=\"elementor-icon-list-item elementor-inline-item\">\n\t\t\t\t\t\t\t\t\t\t\t<span class=\"elementor-icon-list-icon\">\n\t\t\t\t\t\t\t<svg aria-hidden=\"true\" class=\"e-font-icon-svg e-fas-phone-square-alt\" viewBox=\"0 0 448 512\" xmlns=\"http:\/\/www.w3.org\/2000\/svg\"><path d=\"M400 32H48A48 48 0 0 0 0 80v352a48 48 0 0 0 48 48h352a48 48 0 0 0 48-48V80a48 48 0 0 0-48-48zm-16.39 307.37l-15 65A15 15 0 0 1 354 416C194 416 64 286.29 64 126a15.7 15.7 0 0 1 11.63-14.61l65-15A18.23 18.23 0 0 1 144 96a16.27 16.27 0 0 1 13.79 9.09l30 70A17.9 17.9 0 0 1 189 181a17 17 0 0 1-5.5 11.61l-37.89 31a231.91 231.91 0 0 0 110.78 110.78l31-37.89A17 17 0 0 1 299 291a17.85 17.85 0 0 1 5.91 1.21l70 30A16.25 16.25 0 0 1 384 336a17.41 17.41 0 0 1-.39 3.37z\"><\/path><\/svg>\t\t\t\t\t\t<\/span>\n\t\t\t\t\t\t\t\t\t\t<span class=\"elementor-icon-list-text\">272 742 0613<\/span>\n\t\t\t\t\t\t\t\t\t<\/li>\n\t\t\t\t\t\t<\/ul>\n\t\t\t\t\t\t<\/div>\n\t\t\t\t<\/div>\n\t\t\t\t\t<\/div>\n\t\t\t\t<\/div>\n\t\t\t\t<\/div>\n\t\t","protected":false},"excerpt":{"rendered":"<p>Bienvenidos al DIF Municipal de Maltrata, un espacio donde el compromiso con las familias se construye d\u00eda a d\u00eda con amor, se fortalece desde el hogar y se proyecta hacia un mejor futuro. Aqu\u00ed trabajamos con cercan\u00eda y vocaci\u00f3n de servicio para brindar apoyo, orientaci\u00f3n y programas que buscan el bienestar integral de nuestra comunidad, [&hellip;]<\/p>\n","protected":false},"author":1,"featured_media":0,"parent":0,"menu_order":0,"comment_status":"closed","ping_status":"closed","template":"elementor_header_footer","meta":{"footnotes":""},"class_list":["post-1103","page","type-page","status-publish","hentry"],"_links":{"self":[{"href":"https:\/\/maltrata.gob.mx\/portal\/wp-json\/wp\/v2\/pages\/1103","targetHints":{"allow":["GET"]}}],"collection":[{"href":"https:\/\/maltrata.gob.mx\/portal\/wp-json\/wp\/v2\/pages"}],"about":[{"href":"https:\/\/maltrata.gob.mx\/portal\/wp-json\/wp\/v2\/types\/page"}],"author":[{"embeddable":true,"href":"https:\/\/maltrata.gob.mx\/portal\/wp-json\/wp\/v2\/users\/1"}],"replies":[{"embeddable":true,"href":"https:\/\/maltrata.gob.mx\/portal\/wp-json\/wp\/v2\/comments?post=1103"}],"version-history":[{"count":120,"href":"https:\/\/maltrata.gob.mx\/portal\/wp-json\/wp\/v2\/pages\/1103\/revisions"}],"predecessor-version":[{"id":1254,"href":"https:\/\/maltrata.gob.mx\/portal\/wp-json\/wp\/v2\/pages\/1103\/revisions\/1254"}],"wp:attachment":[{"href":"https:\/\/maltrata.gob.mx\/portal\/wp-json\/wp\/v2\/media?parent=1103"}],"curies":[{"name":"wp","href":"https:\/\/api.w.org\/{rel}","templated":true}]}}