{"id":1290,"date":"2026-01-28T11:14:13","date_gmt":"2026-01-28T17:14:13","guid":{"rendered":"https:\/\/maltrata.gob.mx\/portal\/?page_id=1290"},"modified":"2026-01-28T11:23:05","modified_gmt":"2026-01-28T17:23:05","slug":"origen-del-nombre-de-maltrata","status":"publish","type":"page","link":"https:\/\/maltrata.gob.mx\/portal\/origen-del-nombre-de-maltrata\/","title":{"rendered":"Origen del nombre de Maltrata"},"content":{"rendered":"\t\t<div data-elementor-type=\"wp-page\" data-elementor-id=\"1290\" class=\"elementor elementor-1290\" data-elementor-post-type=\"page\">\n\t\t\t\t<div class=\"elementor-element elementor-element-502a0579 e-flex e-con-boxed e-con e-parent\" data-id=\"502a0579\" data-element_type=\"container\" data-e-type=\"container\" data-settings=\"{&quot;background_background&quot;:&quot;classic&quot;}\">\n\t\t\t\t\t<div class=\"e-con-inner\">\n\t\t\t\t<div class=\"elementor-element elementor-element-55482b8f elementor-widget elementor-widget-heading\" data-id=\"55482b8f\" data-element_type=\"widget\" data-e-type=\"widget\" data-widget_type=\"heading.default\">\n\t\t\t\t\t<h2 class=\"elementor-heading-title elementor-size-default\">El nombre de Maltrata<\/h2>\t\t\t\t<\/div>\n\t\t\t\t\t<\/div>\n\t\t\t\t<\/div>\n\t\t<div class=\"elementor-element elementor-element-289727c9 e-flex e-con-boxed e-con e-parent\" data-id=\"289727c9\" data-element_type=\"container\" data-e-type=\"container\">\n\t\t\t\t\t<div class=\"e-con-inner\">\n\t\t<div class=\"elementor-element elementor-element-6268126 e-con-full e-flex e-con e-child\" data-id=\"6268126\" data-element_type=\"container\" data-e-type=\"container\" data-settings=\"{&quot;background_background&quot;:&quot;classic&quot;}\">\n\t\t\t\t<div class=\"elementor-element elementor-element-19e6fb5a elementor-widget elementor-widget-heading\" data-id=\"19e6fb5a\" data-element_type=\"widget\" data-e-type=\"widget\" data-widget_type=\"heading.default\">\n\t\t\t\t\t<h2 class=\"elementor-heading-title elementor-size-default\">N<\/h2>\t\t\t\t<\/div>\n\t\t\t\t<\/div>\n\t\t<div class=\"elementor-element elementor-element-20d04834 e-con-full e-flex e-con e-child\" data-id=\"20d04834\" data-element_type=\"container\" data-e-type=\"container\">\n\t\t\t\t<div class=\"elementor-element elementor-element-6750c247 elementor-widget elementor-widget-heading\" data-id=\"6750c247\" data-element_type=\"widget\" data-e-type=\"widget\" data-widget_type=\"heading.default\">\n\t\t\t\t\t<h2 class=\"elementor-heading-title elementor-size-default\">Origen del nombre de Maltrata<\/h2>\t\t\t\t<\/div>\n\t\t\t\t<div class=\"elementor-element elementor-element-fef00d9 elementor-widget elementor-widget-text-editor\" data-id=\"fef00d9\" data-element_type=\"widget\" data-e-type=\"widget\" data-widget_type=\"text-editor.default\">\n\t\t\t\t\t\t\t\t\t<p>El actual municipio de Maltrata, Veracruz, tiene un origen topon\u00edmico profundamente ligado a la historia prehisp\u00e1nica de la regi\u00f3n. Diversos estudios hist\u00f3ricos, ling\u00fc\u00edsticos y referencias coloniales se\u00f1alan que el territorio fue conocido en \u00e9poca prehisp\u00e1nica con el nombre de Matlatl\u00e1n, voz de origen n\u00e1huatl compuesta por matlatl (red) y el sufijo -tlan (lugar de), cuyo significado puede interpretarse como \u201cLugar de redes\u201d. Este nombre no alude necesariamente a la pesca, sino que se relaciona simb\u00f3licamente con la funci\u00f3n del sitio como punto de conexi\u00f3n, cruce y tr\u00e1nsito, caracter\u00edstica que ha definido a Maltrata desde tiempos antiguos.<\/p><p>El Valle y Paso de Maltrata constituyeron desde \u00e9pocas prehisp\u00e1nicas una ruta estrat\u00e9gica de comunicaci\u00f3n entre el Altiplano Central y la regi\u00f3n del Golfo de M\u00e9xico. Por este corredor transitaron mercanc\u00edas, personas e influencias culturales, lo que explica tanto la presencia de vestigios arqueol\u00f3gicos como la importancia del lugar en las redes comerciales y pol\u00edticas mesoamericanas. En este contexto, el nombre Matlatl\u00e1n reflejaba su papel como nodo articulador de caminos y relaciones humanas.<\/p><p>Antes de la adopci\u00f3n del nombre Matlatl\u00e1n, el asentamiento ya exist\u00eda y estuvo habitado por grupos de origen m\u00e1s antiguo, posiblemente relacionados con pueblos de filiaci\u00f3n popoloca y otras culturas mesoamericanas tempranas. Sin embargo, el nombre original previo al n\u00e1huatl no ha sido registrado en fuentes escritas, por lo que Matlatl\u00e1n es considerado el nombre m\u00e1s antiguo documentado del lugar.<\/p><p>Con la llegada de los espa\u00f1oles en el siglo XVI, el nombre ind\u00edgena fue progresivamente castellanizado. A trav\u00e9s del uso cotidiano, la adaptaci\u00f3n fon\u00e9tica y la transcripci\u00f3n colonial, Matlatl\u00e1n deriv\u00f3 en la forma actual Maltrata, proceso com\u00fan en numerosos top\u00f3nimos de origen ind\u00edgena en M\u00e9xico. Este cambio no implic\u00f3 una traducci\u00f3n literal, sino una transformaci\u00f3n ling\u00fc\u00edstica que se consolid\u00f3 durante el periodo colonial.<\/p><p>As\u00ed, el nombre de Maltrata sintetiza la continuidad hist\u00f3rica del territorio, desde su funci\u00f3n prehisp\u00e1nica como lugar de paso y encuentro, pasando por la \u00e9poca colonial, hasta su conformaci\u00f3n como municipio moderno. Conservar y difundir esta informaci\u00f3n contribuye al fortalecimiento de la identidad hist\u00f3rica y cultural de la comunidad.<\/p>\t\t\t\t\t\t\t\t<\/div>\n\t\t\t\t<div class=\"elementor-element elementor-element-3a798d5 elementor-widget elementor-widget-image\" data-id=\"3a798d5\" data-element_type=\"widget\" data-e-type=\"widget\" data-widget_type=\"image.default\">\n\t\t\t\t\t\t\t\t\t\t\t\t\t\t\t<img fetchpriority=\"high\" decoding=\"async\" width=\"683\" height=\"1024\" src=\"https:\/\/maltrata.gob.mx\/portal\/wp-content\/uploads\/2026\/01\/ChatGPT-Image-28-ene-2026-11_18_11-1-683x1024.png\" class=\"attachment-large size-large wp-image-1300\" alt=\"\" srcset=\"https:\/\/maltrata.gob.mx\/portal\/wp-content\/uploads\/2026\/01\/ChatGPT-Image-28-ene-2026-11_18_11-1-683x1024.png 683w, https:\/\/maltrata.gob.mx\/portal\/wp-content\/uploads\/2026\/01\/ChatGPT-Image-28-ene-2026-11_18_11-1-200x300.png 200w, https:\/\/maltrata.gob.mx\/portal\/wp-content\/uploads\/2026\/01\/ChatGPT-Image-28-ene-2026-11_18_11-1-768x1152.png 768w, https:\/\/maltrata.gob.mx\/portal\/wp-content\/uploads\/2026\/01\/ChatGPT-Image-28-ene-2026-11_18_11-1.png 1024w\" sizes=\"(max-width: 683px) 100vw, 683px\" \/>\t\t\t\t\t\t\t\t\t\t\t\t\t\t\t<\/div>\n\t\t\t\t<\/div>\n\t\t\t\t\t<\/div>\n\t\t\t\t<\/div>\n\t\t\t\t<\/div>\n\t\t","protected":false},"excerpt":{"rendered":"<p>El nombre de Maltrata N Origen del nombre de Maltrata El actual municipio de Maltrata, Veracruz, tiene un origen topon\u00edmico profundamente ligado a la historia prehisp\u00e1nica de la regi\u00f3n. Diversos estudios hist\u00f3ricos, ling\u00fc\u00edsticos y referencias coloniales se\u00f1alan que el territorio fue conocido en \u00e9poca prehisp\u00e1nica con el nombre de Matlatl\u00e1n, voz de origen n\u00e1huatl compuesta [&hellip;]<\/p>\n","protected":false},"author":1,"featured_media":0,"parent":0,"menu_order":0,"comment_status":"closed","ping_status":"closed","template":"elementor_header_footer","meta":{"footnotes":""},"class_list":["post-1290","page","type-page","status-publish","hentry"],"_links":{"self":[{"href":"https:\/\/maltrata.gob.mx\/portal\/wp-json\/wp\/v2\/pages\/1290","targetHints":{"allow":["GET"]}}],"collection":[{"href":"https:\/\/maltrata.gob.mx\/portal\/wp-json\/wp\/v2\/pages"}],"about":[{"href":"https:\/\/maltrata.gob.mx\/portal\/wp-json\/wp\/v2\/types\/page"}],"author":[{"embeddable":true,"href":"https:\/\/maltrata.gob.mx\/portal\/wp-json\/wp\/v2\/users\/1"}],"replies":[{"embeddable":true,"href":"https:\/\/maltrata.gob.mx\/portal\/wp-json\/wp\/v2\/comments?post=1290"}],"version-history":[{"count":10,"href":"https:\/\/maltrata.gob.mx\/portal\/wp-json\/wp\/v2\/pages\/1290\/revisions"}],"predecessor-version":[{"id":1303,"href":"https:\/\/maltrata.gob.mx\/portal\/wp-json\/wp\/v2\/pages\/1290\/revisions\/1303"}],"wp:attachment":[{"href":"https:\/\/maltrata.gob.mx\/portal\/wp-json\/wp\/v2\/media?parent=1290"}],"curies":[{"name":"wp","href":"https:\/\/api.w.org\/{rel}","templated":true}]}}