{"id":222,"date":"2026-01-19T13:12:19","date_gmt":"2026-01-19T13:12:19","guid":{"rendered":"https:\/\/maltrata.gob.mx\/portal\/?page_id=222"},"modified":"2026-01-19T13:55:15","modified_gmt":"2026-01-19T13:55:15","slug":"aviso-de-privacidad","status":"publish","type":"page","link":"https:\/\/maltrata.gob.mx\/portal\/aviso-de-privacidad\/","title":{"rendered":"Aviso de Privacidad"},"content":{"rendered":"\t\t<div data-elementor-type=\"wp-page\" data-elementor-id=\"222\" class=\"elementor elementor-222\" data-elementor-post-type=\"page\">\n\t\t\t\t<div class=\"elementor-element elementor-element-c86f43c e-flex e-con-boxed e-con e-parent\" data-id=\"c86f43c\" data-element_type=\"container\" data-e-type=\"container\" data-settings=\"{&quot;background_background&quot;:&quot;classic&quot;}\">\n\t\t\t\t\t<div class=\"e-con-inner\">\n\t\t\t\t<div class=\"elementor-element elementor-element-1796df4 elementor-widget elementor-widget-heading\" data-id=\"1796df4\" data-element_type=\"widget\" data-e-type=\"widget\" data-widget_type=\"heading.default\">\n\t\t\t\t\t<h2 class=\"elementor-heading-title elementor-size-default\">Aviso de Privacidad<\/h2>\t\t\t\t<\/div>\n\t\t\t\t\t<\/div>\n\t\t\t\t<\/div>\n\t\t<div class=\"elementor-element elementor-element-2ad7e2e e-flex e-con-boxed e-con e-parent\" data-id=\"2ad7e2e\" data-element_type=\"container\" data-e-type=\"container\">\n\t\t\t\t\t<div class=\"e-con-inner\">\n\t\t<div class=\"elementor-element elementor-element-e9fc408 e-con-full e-flex e-con e-child\" data-id=\"e9fc408\" data-element_type=\"container\" data-e-type=\"container\" data-settings=\"{&quot;background_background&quot;:&quot;classic&quot;}\">\n\t\t\t\t<div class=\"elementor-element elementor-element-dd98ed1 elementor-widget elementor-widget-heading\" data-id=\"dd98ed1\" data-element_type=\"widget\" data-e-type=\"widget\" data-widget_type=\"heading.default\">\n\t\t\t\t\t<h2 class=\"elementor-heading-title elementor-size-default\">M<\/h2>\t\t\t\t<\/div>\n\t\t\t\t<\/div>\n\t\t<div class=\"elementor-element elementor-element-d0ca962 e-con-full e-flex e-con e-child\" data-id=\"d0ca962\" data-element_type=\"container\" data-e-type=\"container\">\n\t\t\t\t<div class=\"elementor-element elementor-element-da5534d elementor-widget elementor-widget-text-editor\" data-id=\"da5534d\" data-element_type=\"widget\" data-e-type=\"widget\" data-widget_type=\"text-editor.default\">\n\t\t\t\t\t\t\t\t\t<p data-start=\"384\" data-end=\"724\">El <strong data-start=\"387\" data-end=\"428\">H. Ayuntamiento de Maltrata, Veracruz<\/strong>, con domicilio en <strong data-start=\"447\" data-end=\"523\">C. Nicol\u00e1s Bravo s\/n, Manzana 1, C\u00f3digo Postal 94700, Maltrata, Veracruz<\/strong>, es el responsable del tratamiento de los datos personales que, en su caso, sean recabados a trav\u00e9s del sitio web oficial, as\u00ed como por otros medios digitales o electr\u00f3nicos de contacto institucional.<\/p><p data-start=\"726\" data-end=\"1233\">Los datos personales que se recaben podr\u00e1n incluir, de manera enunciativa mas no limitativa: nombre, correo electr\u00f3nico, n\u00famero telef\u00f3nico, y cualquier otro dato que el ciudadano proporcione de forma voluntaria al realizar solicitudes de informaci\u00f3n, enviar mensajes, formular comentarios, registrar peticiones, realizar tr\u00e1mites o comunicarse con las distintas \u00e1reas del Ayuntamiento. En ning\u00fan caso se solicitar\u00e1n datos personales sensibles, salvo en aquellos supuestos expresamente permitidos por la ley.<\/p><p data-start=\"1235\" data-end=\"1320\">Los datos personales ser\u00e1n utilizados exclusivamente para las siguientes finalidades:<\/p><ul data-start=\"1321\" data-end=\"1615\"><li data-start=\"1321\" data-end=\"1388\"><p data-start=\"1323\" data-end=\"1388\">Atender solicitudes ciudadanas, quejas, comentarios o peticiones.<\/p><\/li><li data-start=\"1389\" data-end=\"1442\"><p data-start=\"1391\" data-end=\"1442\">Dar seguimiento a tr\u00e1mites y servicios municipales.<\/p><\/li><li data-start=\"1443\" data-end=\"1501\"><p data-start=\"1445\" data-end=\"1501\">Establecer comunicaci\u00f3n institucional con la ciudadan\u00eda.<\/p><\/li><li data-start=\"1502\" data-end=\"1551\"><p data-start=\"1504\" data-end=\"1551\">Cumplir obligaciones legales y administrativas.<\/p><\/li><li data-start=\"1552\" data-end=\"1615\"><p data-start=\"1554\" data-end=\"1615\">Mejorar la calidad de los servicios y la atenci\u00f3n al p\u00fablico.<\/p><\/li><\/ul><p data-start=\"1617\" data-end=\"2042\">El tratamiento de los datos personales se realiza conforme a los principios de licitud, finalidad, lealtad, consentimiento, calidad, proporcionalidad, informaci\u00f3n y responsabilidad, previstos en la legislaci\u00f3n aplicable. El Ayuntamiento adopta medidas de seguridad administrativas, t\u00e9cnicas y f\u00edsicas para proteger los datos personales contra da\u00f1o, p\u00e9rdida, alteraci\u00f3n, destrucci\u00f3n o uso, acceso o divulgaci\u00f3n no autorizados.<\/p><p data-start=\"2044\" data-end=\"2459\">El titular de los datos personales podr\u00e1 ejercer en todo momento sus <strong data-start=\"2113\" data-end=\"2191\">derechos de Acceso, Rectificaci\u00f3n, Cancelaci\u00f3n y Oposici\u00f3n (Derechos ARCO)<\/strong>, as\u00ed como revocar su consentimiento, mediante solicitud dirigida al H. Ayuntamiento de Maltrata, a trav\u00e9s del <strong data-start=\"2302\" data-end=\"2349\">correo electr\u00f3nico <a class=\"decorated-link cursor-pointer\" rel=\"noopener\" data-start=\"2323\" data-end=\"2347\">contacto@maltrata.gob.mx<\/a><\/strong> o v\u00eda telef\u00f3nica al <strong data-start=\"2370\" data-end=\"2386\">272 742 0046<\/strong>, conforme a los procedimientos establecidos por la normatividad vigente.<\/p><p data-start=\"2461\" data-end=\"2682\">El presente Aviso de Privacidad puede ser modificado o actualizado en cualquier momento para atender cambios legislativos, administrativos o de operaci\u00f3n. Dichas modificaciones estar\u00e1n disponibles en este mismo sitio web.<\/p>\t\t\t\t\t\t\t\t<\/div>\n\t\t\t\t<\/div>\n\t\t\t\t\t<\/div>\n\t\t\t\t<\/div>\n\t\t\t\t<\/div>\n\t\t","protected":false},"excerpt":{"rendered":"<p>Aviso de Privacidad M El H. Ayuntamiento de Maltrata, Veracruz, con domicilio en C. Nicol\u00e1s Bravo s\/n, Manzana 1, C\u00f3digo Postal 94700, Maltrata, Veracruz, es el responsable del tratamiento de los datos personales que, en su caso, sean recabados a trav\u00e9s del sitio web oficial, as\u00ed como por otros medios digitales o electr\u00f3nicos de contacto [&hellip;]<\/p>\n","protected":false},"author":1,"featured_media":0,"parent":0,"menu_order":0,"comment_status":"closed","ping_status":"closed","template":"elementor_header_footer","meta":{"footnotes":""},"class_list":["post-222","page","type-page","status-publish","hentry"],"_links":{"self":[{"href":"https:\/\/maltrata.gob.mx\/portal\/wp-json\/wp\/v2\/pages\/222","targetHints":{"allow":["GET"]}}],"collection":[{"href":"https:\/\/maltrata.gob.mx\/portal\/wp-json\/wp\/v2\/pages"}],"about":[{"href":"https:\/\/maltrata.gob.mx\/portal\/wp-json\/wp\/v2\/types\/page"}],"author":[{"embeddable":true,"href":"https:\/\/maltrata.gob.mx\/portal\/wp-json\/wp\/v2\/users\/1"}],"replies":[{"embeddable":true,"href":"https:\/\/maltrata.gob.mx\/portal\/wp-json\/wp\/v2\/comments?post=222"}],"version-history":[{"count":46,"href":"https:\/\/maltrata.gob.mx\/portal\/wp-json\/wp\/v2\/pages\/222\/revisions"}],"predecessor-version":[{"id":271,"href":"https:\/\/maltrata.gob.mx\/portal\/wp-json\/wp\/v2\/pages\/222\/revisions\/271"}],"wp:attachment":[{"href":"https:\/\/maltrata.gob.mx\/portal\/wp-json\/wp\/v2\/media?parent=222"}],"curies":[{"name":"wp","href":"https:\/\/api.w.org\/{rel}","templated":true}]}}