{"id":272,"date":"2026-01-19T13:56:09","date_gmt":"2026-01-19T13:56:09","guid":{"rendered":"https:\/\/maltrata.gob.mx\/portal\/?page_id=272"},"modified":"2026-01-19T13:59:09","modified_gmt":"2026-01-19T13:59:09","slug":"terminos-y-condiciones-de-uso","status":"publish","type":"page","link":"https:\/\/maltrata.gob.mx\/portal\/terminos-y-condiciones-de-uso\/","title":{"rendered":"T\u00e9rminos y Condiciones de Uso"},"content":{"rendered":"\t\t<div data-elementor-type=\"wp-page\" data-elementor-id=\"272\" class=\"elementor elementor-272\" data-elementor-post-type=\"page\">\n\t\t\t\t<div class=\"elementor-element elementor-element-1e3447ab e-flex e-con-boxed e-con e-parent\" data-id=\"1e3447ab\" data-element_type=\"container\" data-e-type=\"container\" data-settings=\"{&quot;background_background&quot;:&quot;classic&quot;}\">\n\t\t\t\t\t<div class=\"e-con-inner\">\n\t\t\t\t<div class=\"elementor-element elementor-element-4328ed40 elementor-widget elementor-widget-heading\" data-id=\"4328ed40\" data-element_type=\"widget\" data-e-type=\"widget\" data-widget_type=\"heading.default\">\n\t\t\t\t\t<h2 class=\"elementor-heading-title elementor-size-default\">T\u00e9rminos y Condiciones de Uso<\/h2>\t\t\t\t<\/div>\n\t\t\t\t\t<\/div>\n\t\t\t\t<\/div>\n\t\t<div class=\"elementor-element elementor-element-2ad485f8 e-flex e-con-boxed e-con e-parent\" data-id=\"2ad485f8\" data-element_type=\"container\" data-e-type=\"container\">\n\t\t\t\t\t<div class=\"e-con-inner\">\n\t\t<div class=\"elementor-element elementor-element-44bfdb6f e-con-full e-flex e-con e-child\" data-id=\"44bfdb6f\" data-element_type=\"container\" data-e-type=\"container\" data-settings=\"{&quot;background_background&quot;:&quot;classic&quot;}\">\n\t\t\t\t<div class=\"elementor-element elementor-element-521f53a2 elementor-widget elementor-widget-heading\" data-id=\"521f53a2\" data-element_type=\"widget\" data-e-type=\"widget\" data-widget_type=\"heading.default\">\n\t\t\t\t\t<h2 class=\"elementor-heading-title elementor-size-default\">M<\/h2>\t\t\t\t<\/div>\n\t\t\t\t<\/div>\n\t\t<div class=\"elementor-element elementor-element-6bbb6498 e-con-full e-flex e-con e-child\" data-id=\"6bbb6498\" data-element_type=\"container\" data-e-type=\"container\">\n\t\t\t\t<div class=\"elementor-element elementor-element-65769f63 elementor-widget elementor-widget-text-editor\" data-id=\"65769f63\" data-element_type=\"widget\" data-e-type=\"widget\" data-widget_type=\"text-editor.default\">\n\t\t\t\t\t\t\t\t\t<p data-start=\"2725\" data-end=\"2966\">El acceso, navegaci\u00f3n y uso del presente sitio web oficial del <strong data-start=\"2788\" data-end=\"2829\">H. Ayuntamiento de Maltrata, Veracruz<\/strong>, confiere al usuario la condici\u00f3n de usuario y supone la aceptaci\u00f3n plena y sin reservas de los presentes T\u00e9rminos y Condiciones de Uso.<\/p><p data-start=\"2968\" data-end=\"3282\">Este sitio tiene como finalidad proporcionar informaci\u00f3n institucional, administrativa, cultural y de inter\u00e9s p\u00fablico, as\u00ed como facilitar la comunicaci\u00f3n entre el Ayuntamiento y la ciudadan\u00eda. El contenido publicado es de car\u00e1cter informativo y no constituye asesor\u00eda legal, t\u00e9cnica o administrativa personalizada.<\/p><p data-start=\"3284\" data-end=\"3682\">El H. Ayuntamiento de Maltrata se reserva el derecho de modificar, actualizar, corregir o eliminar, en cualquier momento y sin previo aviso, los contenidos del sitio, su estructura, dise\u00f1o, funcionalidades, as\u00ed como los presentes t\u00e9rminos y condiciones. Asimismo, podr\u00e1 suspender temporal o definitivamente el acceso al sitio por razones t\u00e9cnicas, de mantenimiento o por causas ajenas a su control.<\/p><p data-start=\"3684\" data-end=\"4107\">El usuario se compromete a utilizar el sitio de manera l\u00edcita, responsable y respetuosa, absteni\u00e9ndose de realizar actos que puedan da\u00f1ar, inutilizar o sobrecargar el sitio web, afectar su funcionamiento, o vulnerar los derechos del Ayuntamiento o de terceros. Queda prohibida la reproducci\u00f3n, distribuci\u00f3n o modificaci\u00f3n total o parcial de los contenidos sin autorizaci\u00f3n expresa, salvo en los casos permitidos por la ley.<\/p><p data-start=\"4109\" data-end=\"4413\">El Ayuntamiento no garantiza la disponibilidad continua del sitio ni la ausencia de errores, virus u otros elementos que pudieran causar da\u00f1os en los sistemas inform\u00e1ticos del usuario. En ning\u00fan caso ser\u00e1 responsable por da\u00f1os directos o indirectos derivados del uso o imposibilidad de uso del sitio web.<\/p>\t\t\t\t\t\t\t\t<\/div>\n\t\t\t\t<\/div>\n\t\t\t\t\t<\/div>\n\t\t\t\t<\/div>\n\t\t\t\t<\/div>\n\t\t","protected":false},"excerpt":{"rendered":"<p>T\u00e9rminos y Condiciones de Uso M El acceso, navegaci\u00f3n y uso del presente sitio web oficial del H. Ayuntamiento de Maltrata, Veracruz, confiere al usuario la condici\u00f3n de usuario y supone la aceptaci\u00f3n plena y sin reservas de los presentes T\u00e9rminos y Condiciones de Uso. Este sitio tiene como finalidad proporcionar informaci\u00f3n institucional, administrativa, cultural [&hellip;]<\/p>\n","protected":false},"author":1,"featured_media":0,"parent":0,"menu_order":0,"comment_status":"closed","ping_status":"closed","template":"elementor_header_footer","meta":{"footnotes":""},"class_list":["post-272","page","type-page","status-publish","hentry"],"_links":{"self":[{"href":"https:\/\/maltrata.gob.mx\/portal\/wp-json\/wp\/v2\/pages\/272","targetHints":{"allow":["GET"]}}],"collection":[{"href":"https:\/\/maltrata.gob.mx\/portal\/wp-json\/wp\/v2\/pages"}],"about":[{"href":"https:\/\/maltrata.gob.mx\/portal\/wp-json\/wp\/v2\/types\/page"}],"author":[{"embeddable":true,"href":"https:\/\/maltrata.gob.mx\/portal\/wp-json\/wp\/v2\/users\/1"}],"replies":[{"embeddable":true,"href":"https:\/\/maltrata.gob.mx\/portal\/wp-json\/wp\/v2\/comments?post=272"}],"version-history":[{"count":10,"href":"https:\/\/maltrata.gob.mx\/portal\/wp-json\/wp\/v2\/pages\/272\/revisions"}],"predecessor-version":[{"id":287,"href":"https:\/\/maltrata.gob.mx\/portal\/wp-json\/wp\/v2\/pages\/272\/revisions\/287"}],"wp:attachment":[{"href":"https:\/\/maltrata.gob.mx\/portal\/wp-json\/wp\/v2\/media?parent=272"}],"curies":[{"name":"wp","href":"https:\/\/api.w.org\/{rel}","templated":true}]}}