{"id":288,"date":"2026-01-19T14:01:42","date_gmt":"2026-01-19T14:01:42","guid":{"rendered":"https:\/\/maltrata.gob.mx\/portal\/?page_id=288"},"modified":"2026-01-19T14:02:19","modified_gmt":"2026-01-19T14:02:19","slug":"politicas-de-uso-de-cookies","status":"publish","type":"page","link":"https:\/\/maltrata.gob.mx\/portal\/politicas-de-uso-de-cookies\/","title":{"rendered":"Pol\u00edticas de Uso de Cookies"},"content":{"rendered":"\t\t<div data-elementor-type=\"wp-page\" data-elementor-id=\"288\" class=\"elementor elementor-288\" data-elementor-post-type=\"page\">\n\t\t\t\t<div class=\"elementor-element elementor-element-355e106a e-flex e-con-boxed e-con e-parent\" data-id=\"355e106a\" data-element_type=\"container\" data-e-type=\"container\" data-settings=\"{&quot;background_background&quot;:&quot;classic&quot;}\">\n\t\t\t\t\t<div class=\"e-con-inner\">\n\t\t\t\t<div class=\"elementor-element elementor-element-1c8ecc62 elementor-widget elementor-widget-heading\" data-id=\"1c8ecc62\" data-element_type=\"widget\" data-e-type=\"widget\" data-widget_type=\"heading.default\">\n\t\t\t\t\t<h2 class=\"elementor-heading-title elementor-size-default\">Pol\u00edticas de Uso de Cookies<\/h2>\t\t\t\t<\/div>\n\t\t\t\t\t<\/div>\n\t\t\t\t<\/div>\n\t\t<div class=\"elementor-element elementor-element-4081bf5d e-flex e-con-boxed e-con e-parent\" data-id=\"4081bf5d\" data-element_type=\"container\" data-e-type=\"container\">\n\t\t\t\t\t<div class=\"e-con-inner\">\n\t\t<div class=\"elementor-element elementor-element-65d821d0 e-con-full e-flex e-con e-child\" data-id=\"65d821d0\" data-element_type=\"container\" data-e-type=\"container\" data-settings=\"{&quot;background_background&quot;:&quot;classic&quot;}\">\n\t\t\t\t<div class=\"elementor-element elementor-element-3848daa2 elementor-widget elementor-widget-heading\" data-id=\"3848daa2\" data-element_type=\"widget\" data-e-type=\"widget\" data-widget_type=\"heading.default\">\n\t\t\t\t\t<h2 class=\"elementor-heading-title elementor-size-default\">M<\/h2>\t\t\t\t<\/div>\n\t\t\t\t<\/div>\n\t\t<div class=\"elementor-element elementor-element-d7e40c1 e-con-full e-flex e-con e-child\" data-id=\"d7e40c1\" data-element_type=\"container\" data-e-type=\"container\">\n\t\t\t\t<div class=\"elementor-element elementor-element-1c2a86c5 elementor-widget elementor-widget-text-editor\" data-id=\"1c2a86c5\" data-element_type=\"widget\" data-e-type=\"widget\" data-widget_type=\"text-editor.default\">\n\t\t\t\t\t\t\t\t\t<p data-start=\"4453\" data-end=\"4740\">El sitio web oficial del <strong data-start=\"4478\" data-end=\"4519\">H. Ayuntamiento de Maltrata, Veracruz<\/strong> utiliza cookies y tecnolog\u00edas similares con el objetivo de mejorar la experiencia de navegaci\u00f3n del usuario, optimizar el funcionamiento del sitio, analizar patrones de uso y fortalecer los servicios digitales ofrecidos.<\/p><p data-start=\"4742\" data-end=\"5031\">Las cookies son peque\u00f1os archivos de texto que se almacenan en el dispositivo del usuario cuando visita un sitio web. Estas cookies pueden ser propias o de terceros y permiten reconocer el navegador, recordar preferencias y recopilar informaci\u00f3n estad\u00edstica an\u00f3nima sobre el uso del sitio.<\/p><p data-start=\"5033\" data-end=\"5279\">Las cookies utilizadas en este sitio no recaban datos personales sensibles ni permiten identificar directamente al usuario. La informaci\u00f3n obtenida se emplea \u00fanicamente para fines estad\u00edsticos, de mejora del servicio y optimizaci\u00f3n de contenidos.<\/p><p data-start=\"5281\" data-end=\"5516\">El usuario puede configurar su navegador para aceptar, rechazar o eliminar las cookies en cualquier momento. La desactivaci\u00f3n de cookies puede afectar algunas funcionalidades del sitio, sin impedir el acceso a la informaci\u00f3n principal.<\/p><p data-start=\"5518\" data-end=\"5831\">Al continuar navegando en este sitio web, el usuario manifiesta su consentimiento para el uso de cookies conforme a la presente pol\u00edtica. Para mayor informaci\u00f3n relacionada con el uso de cookies o el tratamiento de datos personales, el usuario puede comunicarse al correo electr\u00f3nico <strong data-start=\"5802\" data-end=\"5830\"><a class=\"decorated-link cursor-pointer\" rel=\"noopener\" data-start=\"5804\" data-end=\"5828\">contacto@maltrata.gob.mx<\/a><\/strong><\/p>\t\t\t\t\t\t\t\t<\/div>\n\t\t\t\t<\/div>\n\t\t\t\t\t<\/div>\n\t\t\t\t<\/div>\n\t\t\t\t<\/div>\n\t\t","protected":false},"excerpt":{"rendered":"<p>Pol\u00edticas de Uso de Cookies M El sitio web oficial del H. Ayuntamiento de Maltrata, Veracruz utiliza cookies y tecnolog\u00edas similares con el objetivo de mejorar la experiencia de navegaci\u00f3n del usuario, optimizar el funcionamiento del sitio, analizar patrones de uso y fortalecer los servicios digitales ofrecidos. Las cookies son peque\u00f1os archivos de texto que [&hellip;]<\/p>\n","protected":false},"author":1,"featured_media":0,"parent":0,"menu_order":0,"comment_status":"closed","ping_status":"closed","template":"elementor_header_footer","meta":{"footnotes":""},"class_list":["post-288","page","type-page","status-publish","hentry"],"_links":{"self":[{"href":"https:\/\/maltrata.gob.mx\/portal\/wp-json\/wp\/v2\/pages\/288","targetHints":{"allow":["GET"]}}],"collection":[{"href":"https:\/\/maltrata.gob.mx\/portal\/wp-json\/wp\/v2\/pages"}],"about":[{"href":"https:\/\/maltrata.gob.mx\/portal\/wp-json\/wp\/v2\/types\/page"}],"author":[{"embeddable":true,"href":"https:\/\/maltrata.gob.mx\/portal\/wp-json\/wp\/v2\/users\/1"}],"replies":[{"embeddable":true,"href":"https:\/\/maltrata.gob.mx\/portal\/wp-json\/wp\/v2\/comments?post=288"}],"version-history":[{"count":4,"href":"https:\/\/maltrata.gob.mx\/portal\/wp-json\/wp\/v2\/pages\/288\/revisions"}],"predecessor-version":[{"id":293,"href":"https:\/\/maltrata.gob.mx\/portal\/wp-json\/wp\/v2\/pages\/288\/revisions\/293"}],"wp:attachment":[{"href":"https:\/\/maltrata.gob.mx\/portal\/wp-json\/wp\/v2\/media?parent=288"}],"curies":[{"name":"wp","href":"https:\/\/api.w.org\/{rel}","templated":true}]}}