{"id":876,"date":"2026-01-23T07:51:11","date_gmt":"2026-01-23T13:51:11","guid":{"rendered":"https:\/\/maltrata.gob.mx\/portal\/?page_id=876"},"modified":"2026-02-09T13:27:34","modified_gmt":"2026-02-09T19:27:34","slug":"portal-de-transparencia","status":"publish","type":"page","link":"https:\/\/maltrata.gob.mx\/portal\/portal-de-transparencia\/","title":{"rendered":"Portal de Transparencia"},"content":{"rendered":"\t\t<div data-elementor-type=\"wp-page\" data-elementor-id=\"876\" class=\"elementor elementor-876\" data-elementor-post-type=\"page\">\n\t\t\t\t<div class=\"elementor-element elementor-element-54a98b25 e-flex e-con-boxed e-con e-parent\" data-id=\"54a98b25\" data-element_type=\"container\" data-e-type=\"container\" data-settings=\"{&quot;background_background&quot;:&quot;classic&quot;}\">\n\t\t\t\t\t<div class=\"e-con-inner\">\n\t\t\t\t<div class=\"elementor-element elementor-element-5507b668 elementor-widget elementor-widget-heading\" data-id=\"5507b668\" data-element_type=\"widget\" data-e-type=\"widget\" data-widget_type=\"heading.default\">\n\t\t\t\t\t<h2 class=\"elementor-heading-title elementor-size-default\">Transparencia<\/h2>\t\t\t\t<\/div>\n\t\t\t\t\t<\/div>\n\t\t\t\t<\/div>\n\t\t<div class=\"elementor-element elementor-element-29c1a650 e-flex e-con-boxed e-con e-parent\" data-id=\"29c1a650\" data-element_type=\"container\" data-e-type=\"container\">\n\t\t\t\t\t<div class=\"e-con-inner\">\n\t\t<div class=\"elementor-element elementor-element-280a99b8 e-con-full e-flex e-con e-child\" data-id=\"280a99b8\" data-element_type=\"container\" data-e-type=\"container\" data-settings=\"{&quot;background_background&quot;:&quot;classic&quot;}\">\n\t\t\t\t<div class=\"elementor-element elementor-element-7c81a110 elementor-widget elementor-widget-heading\" data-id=\"7c81a110\" data-element_type=\"widget\" data-e-type=\"widget\" data-widget_type=\"heading.default\">\n\t\t\t\t\t<h2 class=\"elementor-heading-title elementor-size-default\">T<\/h2>\t\t\t\t<\/div>\n\t\t\t\t<\/div>\n\t\t<div class=\"elementor-element elementor-element-2a71c267 e-con-full e-flex e-con e-child\" data-id=\"2a71c267\" data-element_type=\"container\" data-e-type=\"container\">\n\t\t\t\t<div class=\"elementor-element elementor-element-28005c24 elementor-widget elementor-widget-text-editor\" data-id=\"28005c24\" data-element_type=\"widget\" data-e-type=\"widget\" data-widget_type=\"text-editor.default\">\n\t\t\t\t\t\t\t\t\t<p data-start=\"384\" data-end=\"724\">La presente secci\u00f3n tiene como objetivo dar cumplimiento a lo establecido en la <strong data-start=\"549\" data-end=\"620\">Constituci\u00f3n Pol\u00edtica del Estado de Veracruz de Ignacio de la Llave<\/strong> y en la <strong data-start=\"629\" data-end=\"714\">Ley de Transparencia y Acceso a la Informaci\u00f3n P\u00fablica para el Estado de Veracruz<\/strong>, que regulan el derecho de la ciudadan\u00eda a conocer la informaci\u00f3n generada por los sujetos obligados. En apego a estos ordenamientos, el Ayuntamiento de Maltrata refrenda su compromiso con la rendici\u00f3n de cuentas, la legalidad y el acceso oportuno a la informaci\u00f3n p\u00fablica, fortaleciendo as\u00ed la confianza ciudadana y la vida democr\u00e1tica del municipio.<\/p>\t\t\t\t\t\t\t\t<\/div>\n\t\t\t\t<div class=\"elementor-element elementor-element-dd6f816 elementor-icon-list--layout-traditional elementor-list-item-link-full_width elementor-widget elementor-widget-icon-list\" data-id=\"dd6f816\" data-element_type=\"widget\" data-e-type=\"widget\" data-widget_type=\"icon-list.default\">\n\t\t\t\t\t\t\t<ul class=\"elementor-icon-list-items\">\n\t\t\t\t\t\t\t<li class=\"elementor-icon-list-item\">\n\t\t\t\t\t\t\t\t\t\t\t<a href=\"https:\/\/maltrata.gob.mx\/portal\/portal-de-transparencia-obligaciones-comunes\/\">\n\n\t\t\t\t\t\t\t\t\t\t\t\t<span class=\"elementor-icon-list-icon\">\n\t\t\t\t\t\t\t<svg aria-hidden=\"true\" class=\"e-font-icon-svg e-fas-search\" viewBox=\"0 0 512 512\" xmlns=\"http:\/\/www.w3.org\/2000\/svg\"><path d=\"M505 442.7L405.3 343c-4.5-4.5-10.6-7-17-7H372c27.6-35.3 44-79.7 44-128C416 93.1 322.9 0 208 0S0 93.1 0 208s93.1 208 208 208c48.3 0 92.7-16.4 128-44v16.3c0 6.4 2.5 12.5 7 17l99.7 99.7c9.4 9.4 24.6 9.4 33.9 0l28.3-28.3c9.4-9.4 9.4-24.6.1-34zM208 336c-70.7 0-128-57.2-128-128 0-70.7 57.2-128 128-128 70.7 0 128 57.2 128 128 0 70.7-57.2 128-128 128z\"><\/path><\/svg>\t\t\t\t\t\t<\/span>\n\t\t\t\t\t\t\t\t\t\t<span class=\"elementor-icon-list-text\">Obligaciones comunes<\/span>\n\t\t\t\t\t\t\t\t\t\t\t<\/a>\n\t\t\t\t\t\t\t\t\t<\/li>\n\t\t\t\t\t\t\t\t<li class=\"elementor-icon-list-item\">\n\t\t\t\t\t\t\t\t\t\t\t<a href=\"https:\/\/maltrata.gob.mx\/portal\/portal-de-transparencia-obligaciones-especificas\/\">\n\n\t\t\t\t\t\t\t\t\t\t\t\t<span class=\"elementor-icon-list-icon\">\n\t\t\t\t\t\t\t<svg aria-hidden=\"true\" class=\"e-font-icon-svg e-fas-search-plus\" viewBox=\"0 0 512 512\" xmlns=\"http:\/\/www.w3.org\/2000\/svg\"><path d=\"M304 192v32c0 6.6-5.4 12-12 12h-56v56c0 6.6-5.4 12-12 12h-32c-6.6 0-12-5.4-12-12v-56h-56c-6.6 0-12-5.4-12-12v-32c0-6.6 5.4-12 12-12h56v-56c0-6.6 5.4-12 12-12h32c6.6 0 12 5.4 12 12v56h56c6.6 0 12 5.4 12 12zm201 284.7L476.7 505c-9.4 9.4-24.6 9.4-33.9 0L343 405.3c-4.5-4.5-7-10.6-7-17V372c-35.3 27.6-79.7 44-128 44C93.1 416 0 322.9 0 208S93.1 0 208 0s208 93.1 208 208c0 48.3-16.4 92.7-44 128h16.3c6.4 0 12.5 2.5 17 7l99.7 99.7c9.3 9.4 9.3 24.6 0 34zM344 208c0-75.2-60.8-136-136-136S72 132.8 72 208s60.8 136 136 136 136-60.8 136-136z\"><\/path><\/svg>\t\t\t\t\t\t<\/span>\n\t\t\t\t\t\t\t\t\t\t<span class=\"elementor-icon-list-text\">Obligaciones espec\u00edficas<\/span>\n\t\t\t\t\t\t\t\t\t\t\t<\/a>\n\t\t\t\t\t\t\t\t\t<\/li>\n\t\t\t\t\t\t\t\t<li class=\"elementor-icon-list-item\">\n\t\t\t\t\t\t\t\t\t\t\t<a href=\"https:\/\/maltrata.gob.mx\/portal\/portal-de-transparencia-informacion-financiera-que-senala-la-lgcg\/\">\n\n\t\t\t\t\t\t\t\t\t\t\t\t<span class=\"elementor-icon-list-icon\">\n\t\t\t\t\t\t\t<svg aria-hidden=\"true\" class=\"e-font-icon-svg e-fas-chart-bar\" viewBox=\"0 0 512 512\" xmlns=\"http:\/\/www.w3.org\/2000\/svg\"><path d=\"M332.8 320h38.4c6.4 0 12.8-6.4 12.8-12.8V172.8c0-6.4-6.4-12.8-12.8-12.8h-38.4c-6.4 0-12.8 6.4-12.8 12.8v134.4c0 6.4 6.4 12.8 12.8 12.8zm96 0h38.4c6.4 0 12.8-6.4 12.8-12.8V76.8c0-6.4-6.4-12.8-12.8-12.8h-38.4c-6.4 0-12.8 6.4-12.8 12.8v230.4c0 6.4 6.4 12.8 12.8 12.8zm-288 0h38.4c6.4 0 12.8-6.4 12.8-12.8v-70.4c0-6.4-6.4-12.8-12.8-12.8h-38.4c-6.4 0-12.8 6.4-12.8 12.8v70.4c0 6.4 6.4 12.8 12.8 12.8zm96 0h38.4c6.4 0 12.8-6.4 12.8-12.8V108.8c0-6.4-6.4-12.8-12.8-12.8h-38.4c-6.4 0-12.8 6.4-12.8 12.8v198.4c0 6.4 6.4 12.8 12.8 12.8zM496 384H64V80c0-8.84-7.16-16-16-16H16C7.16 64 0 71.16 0 80v336c0 17.67 14.33 32 32 32h464c8.84 0 16-7.16 16-16v-32c0-8.84-7.16-16-16-16z\"><\/path><\/svg>\t\t\t\t\t\t<\/span>\n\t\t\t\t\t\t\t\t\t\t<span class=\"elementor-icon-list-text\">Informaci\u00f3n financiera que se\u00f1ala la LGCG<\/span>\n\t\t\t\t\t\t\t\t\t\t\t<\/a>\n\t\t\t\t\t\t\t\t\t<\/li>\n\t\t\t\t\t\t\t\t<li class=\"elementor-icon-list-item\">\n\t\t\t\t\t\t\t\t\t\t\t<a href=\"https:\/\/maltrata.org\/transparencia\/\">\n\n\t\t\t\t\t\t\t\t\t\t\t\t<span class=\"elementor-icon-list-icon\">\n\t\t\t\t\t\t\t<svg aria-hidden=\"true\" class=\"e-font-icon-svg e-fas-history\" viewBox=\"0 0 512 512\" xmlns=\"http:\/\/www.w3.org\/2000\/svg\"><path d=\"M504 255.531c.253 136.64-111.18 248.372-247.82 248.468-59.015.042-113.223-20.53-155.822-54.911-11.077-8.94-11.905-25.541-1.839-35.607l11.267-11.267c8.609-8.609 22.353-9.551 31.891-1.984C173.062 425.135 212.781 440 256 440c101.705 0 184-82.311 184-184 0-101.705-82.311-184-184-184-48.814 0-93.149 18.969-126.068 49.932l50.754 50.754c10.08 10.08 2.941 27.314-11.313 27.314H24c-8.837 0-16-7.163-16-16V38.627c0-14.254 17.234-21.393 27.314-11.314l49.372 49.372C129.209 34.136 189.552 8 256 8c136.81 0 247.747 110.78 248 247.531zm-180.912 78.784l9.823-12.63c8.138-10.463 6.253-25.542-4.21-33.679L288 256.349V152c0-13.255-10.745-24-24-24h-16c-13.255 0-24 10.745-24 24v135.651l65.409 50.874c10.463 8.137 25.541 6.253 33.679-4.21z\"><\/path><\/svg>\t\t\t\t\t\t<\/span>\n\t\t\t\t\t\t\t\t\t\t<span class=\"elementor-icon-list-text\">Documentos de transparencia desde 2014 hasta 2025<\/span>\n\t\t\t\t\t\t\t\t\t\t\t<\/a>\n\t\t\t\t\t\t\t\t\t<\/li>\n\t\t\t\t\t\t<\/ul>\n\t\t\t\t\t\t<\/div>\n\t\t<div class=\"elementor-element elementor-element-3cde047e e-grid e-con-full e-con e-child\" data-id=\"3cde047e\" data-element_type=\"container\" data-e-type=\"container\">\n\t\t\t\t<div class=\"elementor-element elementor-element-3a648629 elementor-widget elementor-widget-image\" data-id=\"3a648629\" data-element_type=\"widget\" data-e-type=\"widget\" data-widget_type=\"image.default\">\n\t\t\t\t\t\t\t\t\t\t\t\t\t\t\t\t<a href=\"https:\/\/consultapublicamx.plataformadetransparencia.org.mx\/\">\n\t\t\t\t\t\t\t<img fetchpriority=\"high\" decoding=\"async\" width=\"613\" height=\"343\" src=\"https:\/\/maltrata.gob.mx\/portal\/wp-content\/uploads\/2026\/01\/Logo-Plataforma.png\" class=\"attachment-large size-large wp-image-458\" alt=\"\" srcset=\"https:\/\/maltrata.gob.mx\/portal\/wp-content\/uploads\/2026\/01\/Logo-Plataforma.png 613w, https:\/\/maltrata.gob.mx\/portal\/wp-content\/uploads\/2026\/01\/Logo-Plataforma-300x168.png 300w\" sizes=\"(max-width: 613px) 100vw, 613px\" \/>\t\t\t\t\t\t\t\t<\/a>\n\t\t\t\t\t\t\t\t\t\t\t\t\t\t\t<\/div>\n\t\t\t\t<div class=\"elementor-element elementor-element-21501e72 elementor-widget elementor-widget-image\" data-id=\"21501e72\" data-element_type=\"widget\" data-e-type=\"widget\" data-widget_type=\"image.default\">\n\t\t\t\t\t\t\t\t\t\t\t\t\t\t\t\t<a href=\"https:\/\/transparencia.gob.mx\/\">\n\t\t\t\t\t\t\t<img decoding=\"async\" width=\"613\" height=\"343\" src=\"https:\/\/maltrata.gob.mx\/portal\/wp-content\/uploads\/2026\/01\/Logo-Transparencia.png\" class=\"attachment-large size-large wp-image-459\" alt=\"\" srcset=\"https:\/\/maltrata.gob.mx\/portal\/wp-content\/uploads\/2026\/01\/Logo-Transparencia.png 613w, https:\/\/maltrata.gob.mx\/portal\/wp-content\/uploads\/2026\/01\/Logo-Transparencia-300x168.png 300w\" sizes=\"(max-width: 613px) 100vw, 613px\" \/>\t\t\t\t\t\t\t\t<\/a>\n\t\t\t\t\t\t\t\t\t\t\t\t\t\t\t<\/div>\n\t\t\t\t<div class=\"elementor-element elementor-element-6602a3ab elementor-widget elementor-widget-image\" data-id=\"6602a3ab\" data-element_type=\"widget\" data-e-type=\"widget\" data-widget_type=\"image.default\">\n\t\t\t\t\t\t\t\t\t\t\t\t\t\t\t\t<a href=\"https:\/\/www.gob.mx\/buengobierno\">\n\t\t\t\t\t\t\t<img decoding=\"async\" width=\"613\" height=\"343\" src=\"https:\/\/maltrata.gob.mx\/portal\/wp-content\/uploads\/2026\/01\/Logo-Buen-Gobierno.png\" class=\"attachment-large size-large wp-image-457\" alt=\"\" srcset=\"https:\/\/maltrata.gob.mx\/portal\/wp-content\/uploads\/2026\/01\/Logo-Buen-Gobierno.png 613w, https:\/\/maltrata.gob.mx\/portal\/wp-content\/uploads\/2026\/01\/Logo-Buen-Gobierno-300x168.png 300w\" sizes=\"(max-width: 613px) 100vw, 613px\" \/>\t\t\t\t\t\t\t\t<\/a>\n\t\t\t\t\t\t\t\t\t\t\t\t\t\t\t<\/div>\n\t\t\t\t<\/div>\n\t\t\t\t<\/div>\n\t\t\t\t\t<\/div>\n\t\t\t\t<\/div>\n\t\t\t\t<\/div>\n\t\t","protected":false},"excerpt":{"rendered":"<p>Transparencia T La presente secci\u00f3n tiene como objetivo dar cumplimiento a lo establecido en la Constituci\u00f3n Pol\u00edtica del Estado de Veracruz de Ignacio de la Llave y en la Ley de Transparencia y Acceso a la Informaci\u00f3n P\u00fablica para el Estado de Veracruz, que regulan el derecho de la ciudadan\u00eda a conocer la informaci\u00f3n generada [&hellip;]<\/p>\n","protected":false},"author":1,"featured_media":0,"parent":0,"menu_order":0,"comment_status":"closed","ping_status":"closed","template":"elementor_header_footer","meta":{"footnotes":""},"class_list":["post-876","page","type-page","status-publish","hentry"],"_links":{"self":[{"href":"https:\/\/maltrata.gob.mx\/portal\/wp-json\/wp\/v2\/pages\/876","targetHints":{"allow":["GET"]}}],"collection":[{"href":"https:\/\/maltrata.gob.mx\/portal\/wp-json\/wp\/v2\/pages"}],"about":[{"href":"https:\/\/maltrata.gob.mx\/portal\/wp-json\/wp\/v2\/types\/page"}],"author":[{"embeddable":true,"href":"https:\/\/maltrata.gob.mx\/portal\/wp-json\/wp\/v2\/users\/1"}],"replies":[{"embeddable":true,"href":"https:\/\/maltrata.gob.mx\/portal\/wp-json\/wp\/v2\/comments?post=876"}],"version-history":[{"count":25,"href":"https:\/\/maltrata.gob.mx\/portal\/wp-json\/wp\/v2\/pages\/876\/revisions"}],"predecessor-version":[{"id":1355,"href":"https:\/\/maltrata.gob.mx\/portal\/wp-json\/wp\/v2\/pages\/876\/revisions\/1355"}],"wp:attachment":[{"href":"https:\/\/maltrata.gob.mx\/portal\/wp-json\/wp\/v2\/media?parent=876"}],"curies":[{"name":"wp","href":"https:\/\/api.w.org\/{rel}","templated":true}]}}